{"id":27,"date":"2024-01-05T19:14:59","date_gmt":"2024-01-05T22:14:59","guid":{"rendered":"https:\/\/portalic.com.br\/contact\/?page_id=27"},"modified":"2024-11-29T14:56:16","modified_gmt":"2024-11-29T17:56:16","slug":"home","status":"publish","type":"page","link":"https:\/\/portalic.com.br\/contact\/","title":{"rendered":"Home"},"content":{"rendered":"\t\t<div data-elementor-type=\"wp-page\" data-elementor-id=\"27\" class=\"elementor elementor-27\" data-elementor-post-type=\"page\">\n\t\t\t\t<div class=\"elementor-element elementor-element-096f29a e-flex e-con-boxed e-con e-parent\" data-id=\"096f29a\" data-element_type=\"container\" data-settings=\"{&quot;background_background&quot;:&quot;classic&quot;}\">\n\t\t\t\t\t<div class=\"e-con-inner\">\n\t\t\t\t<div class=\"elementor-element elementor-element-45bbb6f elementor-widget elementor-widget-heading\" data-id=\"45bbb6f\" data-element_type=\"widget\" data-widget_type=\"heading.default\">\n\t\t\t\t<div class=\"elementor-widget-container\">\n\t\t\t\t\t<h2 class=\"elementor-heading-title elementor-size-default\">CONTATO<\/h2>\t\t\t\t<\/div>\n\t\t\t\t<\/div>\n\t\t\t\t<div class=\"elementor-element elementor-element-00411b8 elementor-widget-divider--view-line elementor-widget elementor-widget-divider\" data-id=\"00411b8\" data-element_type=\"widget\" data-widget_type=\"divider.default\">\n\t\t\t\t<div class=\"elementor-widget-container\">\n\t\t\t\t\t\t\t<div class=\"elementor-divider\">\n\t\t\t<span class=\"elementor-divider-separator\">\n\t\t\t\t\t\t<\/span>\n\t\t<\/div>\n\t\t\t\t\t\t<\/div>\n\t\t\t\t<\/div>\n\t\t<div class=\"elementor-element elementor-element-074de86 e-grid e-con-boxed e-con e-child\" data-id=\"074de86\" data-element_type=\"container\">\n\t\t\t\t\t<div class=\"e-con-inner\">\n\t\t\t\t<div class=\"elementor-element elementor-element-2a10a12 elementor-widget elementor-widget-html\" data-id=\"2a10a12\" data-element_type=\"widget\" data-widget_type=\"html.default\">\n\t\t\t\t<div class=\"elementor-widget-container\">\n\t\t\t\t\t<div class=\"block-contato\">\n    \n    <div class=\"icon-contato\">\n        <i class=\"fa-regular fa-envelope\" ><\/i><\/i>\n    <\/div>\n    <div class=\"text-contato\">contato@portalic.com.br\n    <\/div>\n    \n<\/div>\t\t\t\t<\/div>\n\t\t\t\t<\/div>\n\t\t\t\t<div class=\"elementor-element elementor-element-852482d elementor-widget elementor-widget-html\" data-id=\"852482d\" data-element_type=\"widget\" data-widget_type=\"html.default\">\n\t\t\t\t<div class=\"elementor-widget-container\">\n\t\t\t\t\t<div class=\"block-contato\">\n    \n    <div class=\"icon-contato\">\n        <i class=\"fa-solid fa-phone-volume\"><\/i><\/i>\n    <\/div>\n    <div class=\"text-contato\">+55 (41) 3134 4000\n    <\/div>\n    \n<\/div>\t\t\t\t<\/div>\n\t\t\t\t<\/div>\n\t\t\t\t<div class=\"elementor-element elementor-element-a5041f2 elementor-widget elementor-widget-html\" data-id=\"a5041f2\" data-element_type=\"widget\" data-widget_type=\"html.default\">\n\t\t\t\t<div class=\"elementor-widget-container\">\n\t\t\t\t\t<div class=\"block-contato\">\n    \n    <div class=\"icon-contato\">\n        <i class=\"fa-solid fa-location-dot\"><\/i>\n    <\/div>\n    <div class=\"text-contato\"> R. Francisco Mun\u00f5z Madrid, 625<br \/> S\u00e3o Jos\u00e9 dos Pinhais \u2013 Paran\u00e1 \u2013 Brasil<br \/> CEP 83070-010\n    <\/div>\n    \n<\/div>\t\t\t\t<\/div>\n\t\t\t\t<\/div>\n\t\t\t\t\t<\/div>\n\t\t\t\t<\/div>\n\t\t\t\t\t<\/div>\n\t\t\t\t<\/div>\n\t\t<div class=\"elementor-element elementor-element-a076d1d e-con-full e-flex e-con e-parent\" data-id=\"a076d1d\" data-element_type=\"container\">\n\t\t<div class=\"elementor-element elementor-element-5d8089c e-con-full e-flex e-con e-child\" data-id=\"5d8089c\" data-element_type=\"container\" data-settings=\"{&quot;background_background&quot;:&quot;classic&quot;}\">\n\t\t\t\t<div class=\"elementor-element elementor-element-763a866 elementor-widget elementor-widget-text-editor\" data-id=\"763a866\" data-element_type=\"widget\" data-widget_type=\"text-editor.default\">\n\t\t\t\t<div class=\"elementor-widget-container\">\n\t\t\t\t\t\t\t\t\tMande uma mensagem. Ser\u00e1 um prazer atend\u00ea-lo\t\t\t\t\t\t\t\t<\/div>\n\t\t\t\t<\/div>\n\t\t\t\t<div class=\"elementor-element elementor-element-8aaad74 elementor-widget elementor-widget-text-editor\" data-id=\"8aaad74\" data-element_type=\"widget\" data-widget_type=\"text-editor.default\">\n\t\t\t\t<div class=\"elementor-widget-container\">\n\t\t\t\t\t\t\t\t\tAgende uma visita para receber atendimento personalizado, escolher o barrac\u00e3o e solicitar adequa\u00e7\u00f5es conforme as necessidades de sua empresa.\t\t\t\t\t\t\t\t<\/div>\n\t\t\t\t<\/div>\n\t\t\t\t<div class=\"elementor-element elementor-element-7991b21 elementor-button-align-start elementor-widget elementor-widget-form\" data-id=\"7991b21\" data-element_type=\"widget\" data-settings=\"{&quot;step_next_label&quot;:&quot;Next&quot;,&quot;step_previous_label&quot;:&quot;Previous&quot;,&quot;button_width&quot;:&quot;100&quot;,&quot;step_type&quot;:&quot;number_text&quot;,&quot;step_icon_shape&quot;:&quot;circle&quot;}\" data-widget_type=\"form.default\">\n\t\t\t\t<div class=\"elementor-widget-container\">\n\t\t\t\t\t\t\t<form class=\"elementor-form\" method=\"post\" name=\"New Form\">\n\t\t\t<input type=\"hidden\" name=\"post_id\" value=\"27\"\/>\n\t\t\t<input type=\"hidden\" name=\"form_id\" value=\"7991b21\"\/>\n\t\t\t<input type=\"hidden\" name=\"referer_title\" value=\"Portal IC\" \/>\n\n\t\t\t\n\t\t\t<div class=\"elementor-form-fields-wrapper elementor-labels-above\">\n\t\t\t\t\t\t\t\t<div class=\"elementor-field-type-text elementor-field-group elementor-column elementor-field-group-name elementor-col-100 elementor-field-required\">\n\t\t\t\t\t\t\t\t\t\t\t\t<label for=\"form-field-name\" class=\"elementor-field-label\">\n\t\t\t\t\t\t\t\tNome\t\t\t\t\t\t\t<\/label>\n\t\t\t\t\t\t\t\t\t\t\t\t\t\t<input size=\"1\" type=\"text\" name=\"form_fields[name]\" id=\"form-field-name\" class=\"elementor-field elementor-size-sm  elementor-field-textual\" required=\"required\" aria-required=\"true\">\n\t\t\t\t\t\t\t\t\t\t\t<\/div>\n\t\t\t\t\t\t\t\t<div class=\"elementor-field-type-email elementor-field-group elementor-column elementor-field-group-email elementor-col-100 elementor-field-required\">\n\t\t\t\t\t\t\t\t\t\t\t\t<label for=\"form-field-email\" class=\"elementor-field-label\">\n\t\t\t\t\t\t\t\tEmail\t\t\t\t\t\t\t<\/label>\n\t\t\t\t\t\t\t\t\t\t\t\t\t\t<input size=\"1\" type=\"email\" name=\"form_fields[email]\" id=\"form-field-email\" class=\"elementor-field elementor-size-sm  elementor-field-textual\" required=\"required\" aria-required=\"true\">\n\t\t\t\t\t\t\t\t\t\t\t<\/div>\n\t\t\t\t\t\t\t\t<div class=\"elementor-field-type-text elementor-field-group elementor-column elementor-field-group-field_5d7b79a elementor-col-100 elementor-field-required\">\n\t\t\t\t\t\t\t\t\t\t\t\t<label for=\"form-field-field_5d7b79a\" class=\"elementor-field-label\">\n\t\t\t\t\t\t\t\tEmpresa\t\t\t\t\t\t\t<\/label>\n\t\t\t\t\t\t\t\t\t\t\t\t\t\t<input size=\"1\" type=\"text\" name=\"form_fields[field_5d7b79a]\" id=\"form-field-field_5d7b79a\" class=\"elementor-field elementor-size-sm  elementor-field-textual\" required=\"required\" aria-required=\"true\">\n\t\t\t\t\t\t\t\t\t\t\t<\/div>\n\t\t\t\t\t\t\t\t<div class=\"elementor-field-type-tel elementor-field-group elementor-column elementor-field-group-field_670eb14 elementor-col-100 elementor-field-required\">\n\t\t\t\t\t\t\t\t\t\t\t\t<label for=\"form-field-field_670eb14\" class=\"elementor-field-label\">\n\t\t\t\t\t\t\t\tTelefone\t\t\t\t\t\t\t<\/label>\n\t\t\t\t\t\t\t\t<input size=\"1\" type=\"tel\" name=\"form_fields[field_670eb14]\" id=\"form-field-field_670eb14\" class=\"elementor-field elementor-size-sm  elementor-field-textual\" required=\"required\" aria-required=\"true\" pattern=\"[0-9()#&amp;+*-=.]+\" title=\"Only numbers and phone characters (#, -, *, etc) are accepted.\">\n\n\t\t\t\t\t\t<\/div>\n\t\t\t\t\t\t\t\t<div class=\"elementor-field-type-textarea elementor-field-group elementor-column elementor-field-group-message elementor-col-100\">\n\t\t\t\t\t\t\t\t\t\t\t\t<label for=\"form-field-message\" class=\"elementor-field-label\">\n\t\t\t\t\t\t\t\tMensagem\t\t\t\t\t\t\t<\/label>\n\t\t\t\t\t\t<textarea class=\"elementor-field-textual elementor-field  elementor-size-sm\" name=\"form_fields[message]\" id=\"form-field-message\" rows=\"4\"><\/textarea>\t\t\t\t<\/div>\n\t\t\t\t\t\t\t\t<div class=\"elementor-field-type-recaptcha_v3 elementor-field-group elementor-column elementor-field-group-field_803f068 elementor-col-100 recaptcha_v3-bottomright\">\n\t\t\t\t\t<div class=\"elementor-field\" id=\"form-field-field_803f068\"><div class=\"elementor-g-recaptcha\" data-sitekey=\"6LcOFkopAAAAALEYMiHlLLP5ZXjZNkDk2_FU_P-j\" data-type=\"v3\" data-action=\"Form\" data-badge=\"bottomright\" data-size=\"invisible\"><\/div><\/div>\t\t\t\t<\/div>\n\t\t\t\t\t\t\t\t<div class=\"elementor-field-group elementor-column elementor-field-type-submit elementor-col-100 e-form__buttons\">\n\t\t\t\t\t<button class=\"elementor-button elementor-size-md\" type=\"submit\">\n\t\t\t\t\t\t<span class=\"elementor-button-content-wrapper\">\n\t\t\t\t\t\t\t\t\t\t\t\t\t\t\t\t\t\t\t\t\t\t<span class=\"elementor-button-text\">Enviar<\/span>\n\t\t\t\t\t\t\t\t\t\t\t\t\t<\/span>\n\t\t\t\t\t<\/button>\n\t\t\t\t<\/div>\n\t\t\t<\/div>\n\t\t<\/form>\n\t\t\t\t\t\t<\/div>\n\t\t\t\t<\/div>\n\t\t\t\t<\/div>\n\t\t<div class=\"elementor-element elementor-element-93c0f6e e-con-full e-flex e-con e-child\" data-id=\"93c0f6e\" data-element_type=\"container\" data-settings=\"{&quot;background_background&quot;:&quot;classic&quot;}\">\n\t\t\t\t<div class=\"elementor-element elementor-element-293981c elementor-widget elementor-widget-text-editor\" data-id=\"293981c\" data-element_type=\"widget\" data-widget_type=\"text-editor.default\">\n\t\t\t\t<div class=\"elementor-widget-container\">\n\t\t\t\t\t\t\t\t\t\u00c1rea do cliente\t\t\t\t\t\t\t\t<\/div>\n\t\t\t\t<\/div>\n\t\t\t\t<div class=\"elementor-element elementor-element-61b0a2c elementor-widget elementor-widget-spacer\" data-id=\"61b0a2c\" data-element_type=\"widget\" data-widget_type=\"spacer.default\">\n\t\t\t\t<div class=\"elementor-widget-container\">\n\t\t\t\t\t\t\t<div class=\"elementor-spacer\">\n\t\t\t<div class=\"elementor-spacer-inner\"><\/div>\n\t\t<\/div>\n\t\t\t\t\t\t<\/div>\n\t\t\t\t<\/div>\n\t\t\t\t<div class=\"elementor-element elementor-element-b00c475 elementor-widget elementor-widget-button\" data-id=\"b00c475\" data-element_type=\"widget\" data-widget_type=\"button.default\">\n\t\t\t\t<div class=\"elementor-widget-container\">\n\t\t\t\t\t\t\t\t\t<div class=\"elementor-button-wrapper\">\n\t\t\t\t\t<a class=\"elementor-button elementor-button-link elementor-size-md\" href=\"https:\/\/www.meucondominio.com.br\/portalic\/Home\/Entrar\">\n\t\t\t\t\t\t<span class=\"elementor-button-content-wrapper\">\n\t\t\t\t\t\t\t\t\t<span class=\"elementor-button-text\">CLIQUE AQUI E FA\u00c7A O LOGIN<\/span>\n\t\t\t\t\t<\/span>\n\t\t\t\t\t<\/a>\n\t\t\t\t<\/div>\n\t\t\t\t\t\t\t\t<\/div>\n\t\t\t\t<\/div>\n\t\t\t\t<div class=\"elementor-element elementor-element-f24dd61 elementor-widget elementor-widget-spacer\" data-id=\"f24dd61\" data-element_type=\"widget\" data-widget_type=\"spacer.default\">\n\t\t\t\t<div class=\"elementor-widget-container\">\n\t\t\t\t\t\t\t<div class=\"elementor-spacer\">\n\t\t\t<div class=\"elementor-spacer-inner\"><\/div>\n\t\t<\/div>\n\t\t\t\t\t\t<\/div>\n\t\t\t\t<\/div>\n\t\t\t\t<div class=\"elementor-element elementor-element-e89a7e4 elementor-widget elementor-widget-text-editor\" data-id=\"e89a7e4\" data-element_type=\"widget\" data-widget_type=\"text-editor.default\">\n\t\t\t\t<div class=\"elementor-widget-container\">\n\t\t\t\t\t\t\t\t\tFa\u00e7a parte da nossa equipe!\t\t\t\t\t\t\t\t<\/div>\n\t\t\t\t<\/div>\n\t\t\t\t<div class=\"elementor-element elementor-element-a49a104 elementor-widget elementor-widget-text-editor\" data-id=\"a49a104\" data-element_type=\"widget\" data-widget_type=\"text-editor.default\">\n\t\t\t\t<div class=\"elementor-widget-container\">\n\t\t\t\t\t\t\t\t\t<p>Nossos colaboradores s\u00e3o fundamentais para o sucesso de uma trajet\u00f3ria de mais de <strong>27 anos oferecendo excel\u00eancia em condom\u00ednios industriais, log\u00edsticos e corporativos.<\/strong><\/p>\t\t\t\t\t\t\t\t<\/div>\n\t\t\t\t<\/div>\n\t\t\t\t<div class=\"elementor-element elementor-element-7b439cf elementor-widget elementor-widget-button\" data-id=\"7b439cf\" data-element_type=\"widget\" data-widget_type=\"button.default\">\n\t\t\t\t<div class=\"elementor-widget-container\">\n\t\t\t\t\t\t\t\t\t<div class=\"elementor-button-wrapper\">\n\t\t\t\t\t<a class=\"elementor-button elementor-button-link elementor-size-md\" href=\"#\">\n\t\t\t\t\t\t<span class=\"elementor-button-content-wrapper\">\n\t\t\t\t\t\t\t\t\t<span class=\"elementor-button-text\">TRABALHE CONOSCO<\/span>\n\t\t\t\t\t<\/span>\n\t\t\t\t\t<\/a>\n\t\t\t\t<\/div>\n\t\t\t\t\t\t\t\t<\/div>\n\t\t\t\t<\/div>\n\t\t\t\t<\/div>\n\t\t\t\t<\/div>\n\t\t\t\t<\/div>\n\t\t","protected":false},"excerpt":{"rendered":"<p>CONTATO contato@portalic.com.br +55 (41) 3134 4000 R. Francisco Mun\u00f5z Madrid, 625 S\u00e3o Jos\u00e9 dos Pinhais \u2013 Paran\u00e1 \u2013 Brasil CEP 83070-010 Mande uma mensagem. Ser\u00e1 um prazer atend\u00ea-loAgende uma visita para receber atendimento personalizado, escolher o barrac\u00e3o e solicitar adequa\u00e7\u00f5es conforme as necessidades de sua empresa.\u00c1rea do cliente CLIQUE AQUI E FA\u00c7A O LOGIN Fa\u00e7a [&hellip;]<\/p>\n","protected":false},"author":1,"featured_media":0,"parent":0,"menu_order":0,"comment_status":"closed","ping_status":"closed","template":"","meta":{"_joinchat":[],"footnotes":""},"class_list":["post-27","page","type-page","status-publish","hentry"],"yoast_head":"<!-- This site is optimized with the Yoast SEO plugin v27.2 - https:\/\/yoast.com\/product\/yoast-seo-wordpress\/ -->\n<title>Home - Portal IC<\/title>\n<meta name=\"robots\" content=\"index, follow, max-snippet:-1, max-image-preview:large, max-video-preview:-1\" \/>\n<link rel=\"canonical\" href=\"https:\/\/portalic.com.br\/contact\/\" \/>\n<meta property=\"og:locale\" content=\"pt_BR\" \/>\n<meta property=\"og:type\" content=\"article\" \/>\n<meta property=\"og:title\" content=\"Home - Portal IC\" \/>\n<meta property=\"og:description\" content=\"CONTATO contato@portalic.com.br +55 (41) 3134 4000 R. Francisco Mun\u00f5z Madrid, 625 S\u00e3o Jos\u00e9 dos Pinhais \u2013 Paran\u00e1 \u2013 Brasil CEP 83070-010 Mande uma mensagem. Ser\u00e1 um prazer atend\u00ea-loAgende uma visita para receber atendimento personalizado, escolher o barrac\u00e3o e solicitar adequa\u00e7\u00f5es conforme as necessidades de sua empresa.\u00c1rea do cliente CLIQUE AQUI E FA\u00c7A O LOGIN Fa\u00e7a [&hellip;]\" \/>\n<meta property=\"og:url\" content=\"https:\/\/portalic.com.br\/contact\/\" \/>\n<meta property=\"og:site_name\" content=\"Portal IC\" \/>\n<meta property=\"article:modified_time\" content=\"2024-11-29T17:56:16+00:00\" \/>\n<meta name=\"twitter:card\" content=\"summary_large_image\" \/>\n<meta name=\"twitter:label1\" content=\"Est. tempo de leitura\" \/>\n\t<meta name=\"twitter:data1\" content=\"1 minuto\" \/>\n<script type=\"application\/ld+json\" class=\"yoast-schema-graph\">{\"@context\":\"https:\/\/schema.org\",\"@graph\":[{\"@type\":\"WebPage\",\"@id\":\"https:\/\/portalic.com.br\/contact\/\",\"url\":\"https:\/\/portalic.com.br\/contact\/\",\"name\":\"Home - Portal IC\",\"isPartOf\":{\"@id\":\"https:\/\/portalic.com.br\/contact\/#website\"},\"datePublished\":\"2024-01-05T22:14:59+00:00\",\"dateModified\":\"2024-11-29T17:56:16+00:00\",\"inLanguage\":\"pt-BR\",\"potentialAction\":[{\"@type\":\"ReadAction\",\"target\":[\"https:\/\/portalic.com.br\/contact\/\"]}]},{\"@type\":\"WebSite\",\"@id\":\"https:\/\/portalic.com.br\/contact\/#website\",\"url\":\"https:\/\/portalic.com.br\/contact\/\",\"name\":\"Portal IC\",\"description\":\"Galp\u00f5es Industriais\",\"publisher\":{\"@id\":\"https:\/\/portalic.com.br\/contact\/#organization\"},\"potentialAction\":[{\"@type\":\"SearchAction\",\"target\":{\"@type\":\"EntryPoint\",\"urlTemplate\":\"https:\/\/portalic.com.br\/contact\/?s={search_term_string}\"},\"query-input\":{\"@type\":\"PropertyValueSpecification\",\"valueRequired\":true,\"valueName\":\"search_term_string\"}}],\"inLanguage\":\"pt-BR\"},{\"@type\":\"Organization\",\"@id\":\"https:\/\/portalic.com.br\/contact\/#organization\",\"name\":\"Portal IC\",\"url\":\"https:\/\/portalic.com.br\/contact\/\",\"logo\":{\"@type\":\"ImageObject\",\"inLanguage\":\"pt-BR\",\"@id\":\"https:\/\/portalic.com.br\/contact\/#\/schema\/logo\/image\/\",\"url\":\"https:\/\/portalic.com.br\/contact\/wp-content\/uploads\/2024\/01\/logo-portal-ic.png\",\"contentUrl\":\"https:\/\/portalic.com.br\/contact\/wp-content\/uploads\/2024\/01\/logo-portal-ic.png\",\"width\":230,\"height\":92,\"caption\":\"Portal IC\"},\"image\":{\"@id\":\"https:\/\/portalic.com.br\/contact\/#\/schema\/logo\/image\/\"}}]}<\/script>\n<!-- \/ Yoast SEO plugin. -->","yoast_head_json":{"title":"Home - Portal IC","robots":{"index":"index","follow":"follow","max-snippet":"max-snippet:-1","max-image-preview":"max-image-preview:large","max-video-preview":"max-video-preview:-1"},"canonical":"https:\/\/portalic.com.br\/contact\/","og_locale":"pt_BR","og_type":"article","og_title":"Home - Portal IC","og_description":"CONTATO contato@portalic.com.br +55 (41) 3134 4000 R. Francisco Mun\u00f5z Madrid, 625 S\u00e3o Jos\u00e9 dos Pinhais \u2013 Paran\u00e1 \u2013 Brasil CEP 83070-010 Mande uma mensagem. Ser\u00e1 um prazer atend\u00ea-loAgende uma visita para receber atendimento personalizado, escolher o barrac\u00e3o e solicitar adequa\u00e7\u00f5es conforme as necessidades de sua empresa.\u00c1rea do cliente CLIQUE AQUI E FA\u00c7A O LOGIN Fa\u00e7a [&hellip;]","og_url":"https:\/\/portalic.com.br\/contact\/","og_site_name":"Portal IC","article_modified_time":"2024-11-29T17:56:16+00:00","twitter_card":"summary_large_image","twitter_misc":{"Est. tempo de leitura":"1 minuto"},"schema":{"@context":"https:\/\/schema.org","@graph":[{"@type":"WebPage","@id":"https:\/\/portalic.com.br\/contact\/","url":"https:\/\/portalic.com.br\/contact\/","name":"Home - Portal IC","isPartOf":{"@id":"https:\/\/portalic.com.br\/contact\/#website"},"datePublished":"2024-01-05T22:14:59+00:00","dateModified":"2024-11-29T17:56:16+00:00","inLanguage":"pt-BR","potentialAction":[{"@type":"ReadAction","target":["https:\/\/portalic.com.br\/contact\/"]}]},{"@type":"WebSite","@id":"https:\/\/portalic.com.br\/contact\/#website","url":"https:\/\/portalic.com.br\/contact\/","name":"Portal IC","description":"Galp\u00f5es Industriais","publisher":{"@id":"https:\/\/portalic.com.br\/contact\/#organization"},"potentialAction":[{"@type":"SearchAction","target":{"@type":"EntryPoint","urlTemplate":"https:\/\/portalic.com.br\/contact\/?s={search_term_string}"},"query-input":{"@type":"PropertyValueSpecification","valueRequired":true,"valueName":"search_term_string"}}],"inLanguage":"pt-BR"},{"@type":"Organization","@id":"https:\/\/portalic.com.br\/contact\/#organization","name":"Portal IC","url":"https:\/\/portalic.com.br\/contact\/","logo":{"@type":"ImageObject","inLanguage":"pt-BR","@id":"https:\/\/portalic.com.br\/contact\/#\/schema\/logo\/image\/","url":"https:\/\/portalic.com.br\/contact\/wp-content\/uploads\/2024\/01\/logo-portal-ic.png","contentUrl":"https:\/\/portalic.com.br\/contact\/wp-content\/uploads\/2024\/01\/logo-portal-ic.png","width":230,"height":92,"caption":"Portal IC"},"image":{"@id":"https:\/\/portalic.com.br\/contact\/#\/schema\/logo\/image\/"}}]}},"_links":{"self":[{"href":"https:\/\/portalic.com.br\/contact\/wp-json\/wp\/v2\/pages\/27","targetHints":{"allow":["GET"]}}],"collection":[{"href":"https:\/\/portalic.com.br\/contact\/wp-json\/wp\/v2\/pages"}],"about":[{"href":"https:\/\/portalic.com.br\/contact\/wp-json\/wp\/v2\/types\/page"}],"author":[{"embeddable":true,"href":"https:\/\/portalic.com.br\/contact\/wp-json\/wp\/v2\/users\/1"}],"replies":[{"embeddable":true,"href":"https:\/\/portalic.com.br\/contact\/wp-json\/wp\/v2\/comments?post=27"}],"version-history":[{"count":100,"href":"https:\/\/portalic.com.br\/contact\/wp-json\/wp\/v2\/pages\/27\/revisions"}],"predecessor-version":[{"id":201,"href":"https:\/\/portalic.com.br\/contact\/wp-json\/wp\/v2\/pages\/27\/revisions\/201"}],"wp:attachment":[{"href":"https:\/\/portalic.com.br\/contact\/wp-json\/wp\/v2\/media?parent=27"}],"curies":[{"name":"wp","href":"https:\/\/api.w.org\/{rel}","templated":true}]}}